{"id":317,"date":"2019-04-17T01:44:03","date_gmt":"2019-04-17T01:44:03","guid":{"rendered":"https:\/\/demo2wpopal.b-cdn.net\/lexrider\/?page_id=317"},"modified":"2025-05-12T21:37:26","modified_gmt":"2025-05-13T00:37:26","slug":"clubs","status":"publish","type":"page","link":"https:\/\/quadnbr2.ca\/fr\/clubs\/","title":{"rendered":"Pr\u00e9sentation des clubs"},"content":{"rendered":"<div data-elementor-type=\"wp-post\" data-elementor-id=\"317\" class=\"elementor elementor-317\" data-elementor-post-type=\"page\">\n\t\t\t\t<div class=\"elementor-element elementor-element-df2f488 e-flex e-con-boxed e-con e-parent\" data-id=\"df2f488\" data-element_type=\"container\" data-e-type=\"container\">\n\t\t\t\t\t<div class=\"e-con-inner\">\n\t\t<div class=\"elementor-element elementor-element-330baf6 e-con-full e-flex e-con e-child\" data-id=\"330baf6\" data-element_type=\"container\" data-e-type=\"container\">\n\t\t\t\t<div class=\"elementor-element elementor-element-5e7d216 elementor-tablet-align-center animated-fast elementor-align-center elementor-invisible elementor-widget elementor-widget-heading\" data-id=\"5e7d216\" data-element_type=\"widget\" data-e-type=\"widget\" data-settings=\"{&quot;_animation&quot;:&quot;opal-move-up&quot;}\" data-widget_type=\"heading.default\">\n\t\t\t\t<div class=\"elementor-widget-container\">\n\t\t\t\t\t<h2 class=\"elementor-heading-title elementor-size-default\">Bienvenue sur le site de les <span class=\"c-primary\">5 Clubs<\/span> de la r\u00e9gion 2<\/h2>\t\t\t\t<\/div>\n\t\t\t\t<\/div>\n\t\t\t\t<div class=\"elementor-element elementor-element-a268e39 animated-fast elementor-invisible elementor-widget elementor-widget-text-editor\" data-id=\"a268e39\" data-element_type=\"widget\" data-e-type=\"widget\" data-settings=\"{&quot;_animation&quot;:&quot;opal-move-up&quot;}\" data-widget_type=\"text-editor.default\">\n\t\t\t\t<div class=\"elementor-widget-container\">\n\t\t\t\t\t        <div class=\"elementor-text-editor elementor-clearfix\"><p>Les clubs de VTT \/ ATV qui ont servi la R\u00e9gion 2 ont des membres b\u00e9n\u00e9voles d\u00e9vou\u00e9s qui sont enthousiastes au sujet du plein air et passionn\u00e9s par le maintien d'un mode de vie pour un nombre croissant de motocyclistes.  Les 5 clubs list\u00e9s ci-dessous peuvent \u00eatre contact\u00e9s par le biais de leurs pages FACEBOOK individuelles ou par le biais de la page Contact de ce site web. <span style=\"color: #00ccff;\"><a style=\"color: #00ccff;\" href=\"https:\/\/quadnbr2.ca\/fr\/sponsors\/\" target=\"_blank\" rel=\"noopener\">Parrains r\u00e9gionaux<\/a><\/span> qui soutiennent nos clubs et rendent nos \u00e9v\u00e9nements possibles.<\/p><p>Prenez contact avec nous d\u00e8s aujourd'hui.<\/p><\/div>\n        \t\t\t\t<\/div>\n\t\t\t\t<\/div>\n\t\t\t\t<\/div>\n\t\t\t\t\t<\/div>\n\t\t\t\t<\/div>\n\t\t<div class=\"elementor-element elementor-element-9244607 e-flex e-con-boxed e-con e-parent\" data-id=\"9244607\" data-element_type=\"container\" data-e-type=\"container\">\n\t\t\t\t\t<div class=\"e-con-inner\">\n\t\t<div class=\"elementor-element elementor-element-8049e4e e-flex e-con-boxed e-con e-child\" data-id=\"8049e4e\" data-element_type=\"container\" data-e-type=\"container\">\n\t\t\t\t\t<div class=\"e-con-inner\">\n\t\t\t\t<div class=\"elementor-element elementor-element-2d65ceb elementor-widget elementor-widget-image\" data-id=\"2d65ceb\" data-element_type=\"widget\" data-e-type=\"widget\" data-widget_type=\"image.default\">\n\t\t\t\t<div class=\"elementor-widget-container\">\n\t\t\t\t\t        <div class=\"elementor-image\">\n                                            <a href=\"https:\/\/quadnbr2.ca\/fr\/intro_club_1\/\" data-elementor-open-lightbox=\"\" target=\"_blank\">\n                                        <img fetchpriority=\"high\" decoding=\"async\" width=\"361\" height=\"242\" src=\"https:\/\/quadnbr2.ca\/wp-content\/uploads\/2025\/01\/Club-1.png\" class=\"attachment-large size-large wp-image-6880\" alt=\"\" srcset=\"https:\/\/quadnbr2.ca\/wp-content\/uploads\/2025\/01\/Club-1.png 361w, https:\/\/quadnbr2.ca\/wp-content\/uploads\/2025\/01\/Club-1-300x201.png 300w\" sizes=\"(max-width: 361px) 100vw, 361px\" \/>                                    <\/a>\n                                                    <\/div>\n        \t\t\t\t<\/div>\n\t\t\t\t<\/div>\n\t\t\t\t<div class=\"elementor-element elementor-element-271d2b3 elementor-widget elementor-widget-text-editor\" data-id=\"271d2b3\" data-element_type=\"widget\" data-e-type=\"widget\" data-widget_type=\"text-editor.default\">\n\t\t\t\t<div class=\"elementor-widget-container\">\n\t\t\t\t\t        <div class=\"elementor-text-editor elementor-clearfix\"><p>Rejoindrez le Club 1 sur <span style=\"color: #00ccff;\"><a style=\"color: #00ccff;\" href=\"https:\/\/www.facebook.com\/profile.php?id=100057804063772\" target=\"_blank\" rel=\"noopener\">FACEBOOK<\/a><\/span><\/p><\/div>\n        \t\t\t\t<\/div>\n\t\t\t\t<\/div>\n\t\t\t\t\t<\/div>\n\t\t\t\t<\/div>\n\t\t<div class=\"elementor-element elementor-element-77e355e e-con-full e-flex e-con e-child\" data-id=\"77e355e\" data-element_type=\"container\" data-e-type=\"container\">\n\t\t\t\t<div class=\"elementor-element elementor-element-451a1e8 elementor-widget elementor-widget-image\" data-id=\"451a1e8\" data-element_type=\"widget\" data-e-type=\"widget\" data-widget_type=\"image.default\">\n\t\t\t\t<div class=\"elementor-widget-container\">\n\t\t\t\t\t        <div class=\"elementor-image\">\n                                            <a href=\"https:\/\/quadnbr2.ca\/fr\/intro_club_2\/\" data-elementor-open-lightbox=\"\">\n                                        <img decoding=\"async\" width=\"600\" height=\"582\" src=\"https:\/\/quadnbr2.ca\/wp-content\/uploads\/2025\/01\/Club-2.jpg\" class=\"attachment-large size-large wp-image-6881\" alt=\"\" srcset=\"https:\/\/quadnbr2.ca\/wp-content\/uploads\/2025\/01\/Club-2.jpg 723w, https:\/\/quadnbr2.ca\/wp-content\/uploads\/2025\/01\/Club-2-300x291.jpg 300w, https:\/\/quadnbr2.ca\/wp-content\/uploads\/2025\/01\/Club-2-400x388.jpg 400w, https:\/\/quadnbr2.ca\/wp-content\/uploads\/2025\/01\/Club-2-600x582.jpg 600w\" sizes=\"(max-width: 600px) 100vw, 600px\" \/>                                    <\/a>\n                                                    <\/div>\n        \t\t\t\t<\/div>\n\t\t\t\t<\/div>\n\t\t\t\t<div class=\"elementor-element elementor-element-68f335f elementor-widget elementor-widget-text-editor\" data-id=\"68f335f\" data-element_type=\"widget\" data-e-type=\"widget\" data-widget_type=\"text-editor.default\">\n\t\t\t\t<div class=\"elementor-widget-container\">\n\t\t\t\t\t        <div class=\"elementor-text-editor elementor-clearfix\"><p>Rejoignez le Club 2 sur <span style=\"color: #00ccff;\"><a style=\"color: #00ccff;\" href=\"https:\/\/www.facebook.com\/CLUB.VTT.KEDGWICK\" target=\"_blank\" rel=\"noopener\">FACEBOOK<\/a><\/span><\/p><\/div>\n        \t\t\t\t<\/div>\n\t\t\t\t<\/div>\n\t\t\t\t<\/div>\n\t\t<div class=\"elementor-element elementor-element-af78795 e-con-full e-flex e-con e-child\" data-id=\"af78795\" data-element_type=\"container\" data-e-type=\"container\">\n\t\t\t\t<div class=\"elementor-element elementor-element-b9f8009 elementor-widget elementor-widget-image\" data-id=\"b9f8009\" data-element_type=\"widget\" data-e-type=\"widget\" data-widget_type=\"image.default\">\n\t\t\t\t<div class=\"elementor-widget-container\">\n\t\t\t\t\t        <div class=\"elementor-image\">\n                                            <a href=\"https:\/\/quadnbr2.ca\/fr\/intro_club_3\/\" data-elementor-open-lightbox=\"\">\n                                        <img decoding=\"async\" width=\"600\" height=\"539\" src=\"https:\/\/quadnbr2.ca\/wp-content\/uploads\/2025\/01\/Club-3.jpg\" class=\"attachment-large size-large wp-image-6882\" alt=\"\" srcset=\"https:\/\/quadnbr2.ca\/wp-content\/uploads\/2025\/01\/Club-3.jpg 642w, https:\/\/quadnbr2.ca\/wp-content\/uploads\/2025\/01\/Club-3-300x270.jpg 300w, https:\/\/quadnbr2.ca\/wp-content\/uploads\/2025\/01\/Club-3-400x360.jpg 400w, https:\/\/quadnbr2.ca\/wp-content\/uploads\/2025\/01\/Club-3-600x539.jpg 600w\" sizes=\"(max-width: 600px) 100vw, 600px\" \/>                                    <\/a>\n                                                    <\/div>\n        \t\t\t\t<\/div>\n\t\t\t\t<\/div>\n\t\t\t\t<div class=\"elementor-element elementor-element-a44048e elementor-widget elementor-widget-text-editor\" data-id=\"a44048e\" data-element_type=\"widget\" data-e-type=\"widget\" data-widget_type=\"text-editor.default\">\n\t\t\t\t<div class=\"elementor-widget-container\">\n\t\t\t\t\t        <div class=\"elementor-text-editor elementor-clearfix\"><p>Rejoignez le Club 3 sur <span style=\"color: #00ccff;\"><a style=\"color: #00ccff;\" href=\"https:\/\/www.facebook.com\/groups\/576750772511545\" target=\"_blank\" rel=\"noopener\">FACEBOOK<\/a><\/span><\/p><\/div>\n        \t\t\t\t<\/div>\n\t\t\t\t<\/div>\n\t\t\t\t<\/div>\n\t\t<div class=\"elementor-element elementor-element-678e1b7 e-con-full e-flex e-con e-child\" data-id=\"678e1b7\" data-element_type=\"container\" data-e-type=\"container\">\n\t\t\t\t<div class=\"elementor-element elementor-element-6525862 elementor-widget elementor-widget-image\" data-id=\"6525862\" data-element_type=\"widget\" data-e-type=\"widget\" data-widget_type=\"image.default\">\n\t\t\t\t<div class=\"elementor-widget-container\">\n\t\t\t\t\t        <div class=\"elementor-image\">\n                                            <a href=\"https:\/\/quadnbr2.ca\/fr\/intro_club_4\/\" data-elementor-open-lightbox=\"\">\n                                        <img loading=\"lazy\" decoding=\"async\" width=\"600\" height=\"582\" src=\"https:\/\/quadnbr2.ca\/wp-content\/uploads\/2025\/01\/Club-4-1024x994.jpg\" class=\"attachment-large size-large wp-image-6883\" alt=\"\" srcset=\"https:\/\/quadnbr2.ca\/wp-content\/uploads\/2025\/01\/Club-4-1024x994.jpg 1024w, https:\/\/quadnbr2.ca\/wp-content\/uploads\/2025\/01\/Club-4-300x291.jpg 300w, https:\/\/quadnbr2.ca\/wp-content\/uploads\/2025\/01\/Club-4-768x745.jpg 768w, https:\/\/quadnbr2.ca\/wp-content\/uploads\/2025\/01\/Club-4-1536x1490.jpg 1536w, https:\/\/quadnbr2.ca\/wp-content\/uploads\/2025\/01\/Club-4-400x388.jpg 400w, https:\/\/quadnbr2.ca\/wp-content\/uploads\/2025\/01\/Club-4-600x582.jpg 600w, https:\/\/quadnbr2.ca\/wp-content\/uploads\/2025\/01\/Club-4.jpg 2048w\" sizes=\"(max-width: 600px) 100vw, 600px\" \/>                                    <\/a>\n                                                    <\/div>\n        \t\t\t\t<\/div>\n\t\t\t\t<\/div>\n\t\t\t\t<div class=\"elementor-element elementor-element-1c7e9aa elementor-widget elementor-widget-text-editor\" data-id=\"1c7e9aa\" data-element_type=\"widget\" data-e-type=\"widget\" data-widget_type=\"text-editor.default\">\n\t\t\t\t<div class=\"elementor-widget-container\">\n\t\t\t\t\t        <div class=\"elementor-text-editor elementor-clearfix\"><p>Rejoignez le Club 4 sur <span style=\"color: #00ccff;\"><a style=\"color: #00ccff;\" href=\"https:\/\/www.facebook.com\/groups\/839867534638249\" target=\"_blank\" rel=\"noopener\">FACEBOOK<\/a><\/span><\/p><\/div>\n        \t\t\t\t<\/div>\n\t\t\t\t<\/div>\n\t\t\t\t<\/div>\n\t\t<div class=\"elementor-element elementor-element-0aa3b0d e-con-full e-flex e-con e-child\" data-id=\"0aa3b0d\" data-element_type=\"container\" data-e-type=\"container\">\n\t\t\t\t<div class=\"elementor-element elementor-element-65be325 elementor-widget elementor-widget-image\" data-id=\"65be325\" data-element_type=\"widget\" data-e-type=\"widget\" data-widget_type=\"image.default\">\n\t\t\t\t<div class=\"elementor-widget-container\">\n\t\t\t\t\t        <div class=\"elementor-image\">\n                                            <a href=\"https:\/\/quadnbr2.ca\/fr\/intro_club_5\/\" data-elementor-open-lightbox=\"\">\n                                        <img loading=\"lazy\" decoding=\"async\" width=\"600\" height=\"608\" src=\"https:\/\/quadnbr2.ca\/wp-content\/uploads\/2025\/01\/Club-5-1011x1024.jpg\" class=\"attachment-large size-large wp-image-6884\" alt=\"\" srcset=\"https:\/\/quadnbr2.ca\/wp-content\/uploads\/2025\/01\/Club-5-1011x1024.jpg 1011w, https:\/\/quadnbr2.ca\/wp-content\/uploads\/2025\/01\/Club-5-296x300.jpg 296w, https:\/\/quadnbr2.ca\/wp-content\/uploads\/2025\/01\/Club-5-768x778.jpg 768w, https:\/\/quadnbr2.ca\/wp-content\/uploads\/2025\/01\/Club-5-400x405.jpg 400w, https:\/\/quadnbr2.ca\/wp-content\/uploads\/2025\/01\/Club-5-600x608.jpg 600w, https:\/\/quadnbr2.ca\/wp-content\/uploads\/2025\/01\/Club-5-100x100.jpg 100w, https:\/\/quadnbr2.ca\/wp-content\/uploads\/2025\/01\/Club-5.jpg 1080w\" sizes=\"(max-width: 600px) 100vw, 600px\" \/>                                    <\/a>\n                                                    <\/div>\n        \t\t\t\t<\/div>\n\t\t\t\t<\/div>\n\t\t\t\t<div class=\"elementor-element elementor-element-d8188e2 elementor-widget elementor-widget-text-editor\" data-id=\"d8188e2\" data-element_type=\"widget\" data-e-type=\"widget\" data-widget_type=\"text-editor.default\">\n\t\t\t\t<div class=\"elementor-widget-container\">\n\t\t\t\t\t        <div class=\"elementor-text-editor elementor-clearfix\"><p>Rejoignez le Club 5 sur <span style=\"color: #00ccff;\"><a style=\"color: #00ccff;\" href=\"https:\/\/www.facebook.com\/clubvttchaleur\/\" target=\"_blank\" rel=\"noopener\">FACEBOOK<\/a><\/span><\/p><\/div>\n        \t\t\t\t<\/div>\n\t\t\t\t<\/div>\n\t\t\t\t<\/div>\n\t\t\t\t\t<\/div>\n\t\t\t\t<\/div>\n\t\t<div class=\"elementor-element elementor-element-e84eb67 e-flex e-con-boxed e-con e-parent\" data-id=\"e84eb67\" data-element_type=\"container\" data-e-type=\"container\">\n\t\t\t\t\t<div class=\"e-con-inner\">\n\t\t<div class=\"elementor-element elementor-element-cba6fc7 e-con-full e-flex e-con e-child\" data-id=\"cba6fc7\" data-element_type=\"container\" data-e-type=\"container\">\n\t\t\t\t<div class=\"elementor-element elementor-element-5db5be3 elementor-widget elementor-widget-image\" data-id=\"5db5be3\" data-element_type=\"widget\" data-e-type=\"widget\" data-widget_type=\"image.default\">\n\t\t\t\t<div class=\"elementor-widget-container\">\n\t\t\t\t\t        <div class=\"elementor-image\">\n                        <figure class=\"wp-caption\">\n                                                    <img decoding=\"async\" src=\"https:\/\/quadnbr2.ca\/wp-content\/uploads\/2025\/01\/Border-Quad-Trail-w-regional-clubs-1.png\" title=\"\" alt=\"\" loading=\"lazy\" \/>                                                        <figcaption class=\"widget-image-caption wp-caption-text\">La r\u00e9gion 2 et les territoires des 5 clubs avec le Border Quad Trail qui traverse le nord du Nouveau-Brunswick.<\/figcaption>\n                                            <\/figure>\n                <\/div>\n        \t\t\t\t<\/div>\n\t\t\t\t<\/div>\n\t\t\t\t<\/div>\n\t\t\t\t\t<\/div>\n\t\t\t\t<\/div>\n\t\t<div class=\"elementor-element elementor-element-45fb12f e-flex e-con-boxed e-con e-parent\" data-id=\"45fb12f\" data-element_type=\"container\" data-e-type=\"container\" data-settings=\"{&quot;background_background&quot;:&quot;classic&quot;}\">\n\t\t\t\t\t<div class=\"e-con-inner\">\n\t\t<div class=\"elementor-element elementor-element-a6aa767 e-con-full e-flex e-con e-child\" data-id=\"a6aa767\" data-element_type=\"container\" data-e-type=\"container\">\n\t\t\t\t<div class=\"elementor-element elementor-element-8c491ad elementor-align-center animated-fast elementor-invisible elementor-widget elementor-widget-heading\" data-id=\"8c491ad\" data-element_type=\"widget\" data-e-type=\"widget\" data-settings=\"{&quot;_animation&quot;:&quot;opal-move-up&quot;}\" data-widget_type=\"heading.default\">\n\t\t\t\t<div class=\"elementor-widget-container\">\n\t\t\t\t\t<h3 class=\"elementor-heading-title elementor-size-default\">Venez rouler avec nous !<\/h3>\t\t\t\t<\/div>\n\t\t\t\t<\/div>\n\t\t\t\t<div class=\"elementor-element elementor-element-4ce876c elementor-align-center animated-fast elementor-invisible elementor-widget elementor-widget-heading\" data-id=\"4ce876c\" data-element_type=\"widget\" data-e-type=\"widget\" data-settings=\"{&quot;_animation&quot;:&quot;opal-move-up&quot;}\" data-widget_type=\"heading.default\">\n\t\t\t\t<div class=\"elementor-widget-container\">\n\t\t\t\t\t<h2 class=\"elementor-heading-title elementor-size-default\">Faire partie\nd'un club<\/h2>\t\t\t\t<\/div>\n\t\t\t\t<\/div>\n\t\t\t\t<div class=\"elementor-element elementor-element-c536160 elementor-align-center animated-fast elementor-button-primary elementor-invisible elementor-widget elementor-widget-button\" data-id=\"c536160\" data-element_type=\"widget\" data-e-type=\"widget\" data-settings=\"{&quot;_animation&quot;:&quot;opal-move-up&quot;}\" data-widget_type=\"button.default\">\n\t\t\t\t<div class=\"elementor-widget-container\">\n\t\t\t\t\t        <div class=\"elementor-button-wrapper\">\n            <a href=\"http:\/\/quadnbr2.ca\/fr\/contact\/\" class=\"elementor-button-link elementor-button elementor-size-md\" target=\"_blank\" role=\"button\">\n                \t\t<span class=\"elementor-button-content-wrapper\">\n\t\t\t\t\t\t\t\t\t<span class=\"elementor-button-text\">Contactez nous<\/span>\n\t\t\t\t\t<\/span>\n\t\t            <\/a>\n        <\/div>\n        \t\t\t\t<\/div>\n\t\t\t\t<\/div>\n\t\t\t\t<\/div>\n\t\t\t\t\t<\/div>\n\t\t\t\t<\/div>\n\t\t\t\t<\/div>","protected":false},"excerpt":{"rendered":"<p>Bienvenue aux 5 clubs de la r\u00e9gion 2 Les clubs VTT \/ ATV qui desservent la r\u00e9gion 2 comptent des membres b\u00e9n\u00e9voles d\u00e9vou\u00e9s, enthousiastes \u00e0 l'\u00e9gard des activit\u00e9s de plein air et passionn\u00e9s... <\/p>\n<p class=\"link-more\"><a href=\"https:\/\/quadnbr2.ca\/fr\/clubs\/\" class=\"more-link\">Lire la suite <span class=\"screen-reader-text\"> \"Introduction aux clubs<\/span><\/a><\/p>","protected":false},"author":1,"featured_media":0,"parent":0,"menu_order":0,"comment_status":"closed","ping_status":"closed","template":"page-elementor.php","meta":{"nf_dc_page":"","_monsterinsights_skip_tracking":false,"_monsterinsights_sitenote_active":false,"_monsterinsights_sitenote_note":"","_monsterinsights_sitenote_category":0,"footnotes":""},"class_list":["post-317","page","type-page","status-publish","hentry"],"yoast_head":"<!-- This site is optimized with the Yoast SEO plugin v27.4 - https:\/\/yoast.com\/product\/yoast-seo-wordpress\/ -->\n<title>Introduction to the Clubs - Quad NB Region 2<\/title>\n<meta name=\"description\" content=\"VTT\/ATV Restigouche Club 3 in Region 2 of New Brunswick.\" \/>\n<meta name=\"robots\" content=\"index, follow, max-snippet:-1, max-image-preview:large, max-video-preview:-1\" \/>\n<link rel=\"canonical\" href=\"https:\/\/quadnbr2.ca\/fr\/clubs\/\" \/>\n<meta property=\"og:locale\" content=\"fr_CA\" \/>\n<meta property=\"og:type\" content=\"article\" \/>\n<meta property=\"og:title\" content=\"Introduction to the Clubs - Quad NB Region 2\" \/>\n<meta property=\"og:description\" content=\"VTT\/ATV Restigouche Club 3 in Region 2 of New Brunswick.\" \/>\n<meta property=\"og:url\" content=\"https:\/\/quadnbr2.ca\/fr\/clubs\/\" \/>\n<meta property=\"og:site_name\" content=\"Quad NB Region 2\" \/>\n<meta property=\"article:modified_time\" content=\"2025-05-13T00:37:26+00:00\" \/>\n<meta property=\"og:image\" content=\"https:\/\/quadnbr2.ca\/wp-content\/uploads\/2025\/01\/Club-1.png\" \/>\n\t<meta property=\"og:image:width\" content=\"361\" \/>\n\t<meta property=\"og:image:height\" content=\"242\" \/>\n\t<meta property=\"og:image:type\" content=\"image\/png\" \/>\n<meta name=\"twitter:card\" content=\"summary_large_image\" \/>\n<meta name=\"twitter:label1\" content=\"Estimation du temps de lecture\" \/>\n\t<meta name=\"twitter:data1\" content=\"2 minutes\" \/>\n<script type=\"application\/ld+json\" class=\"yoast-schema-graph\">{\"@context\":\"https:\\\/\\\/schema.org\",\"@graph\":[{\"@type\":\"WebPage\",\"@id\":\"https:\\\/\\\/quadnbr2.ca\\\/clubs\\\/\",\"url\":\"https:\\\/\\\/quadnbr2.ca\\\/clubs\\\/\",\"name\":\"Introduction to the Clubs - Quad NB Region 2\",\"isPartOf\":{\"@id\":\"https:\\\/\\\/quadnbr2.ca\\\/#website\"},\"primaryImageOfPage\":{\"@id\":\"https:\\\/\\\/quadnbr2.ca\\\/clubs\\\/#primaryimage\"},\"image\":{\"@id\":\"https:\\\/\\\/quadnbr2.ca\\\/clubs\\\/#primaryimage\"},\"thumbnailUrl\":\"https:\\\/\\\/quadnbr2.ca\\\/wp-content\\\/uploads\\\/2025\\\/01\\\/Club-1.png\",\"datePublished\":\"2019-04-17T01:44:03+00:00\",\"dateModified\":\"2025-05-13T00:37:26+00:00\",\"description\":\"VTT\\\/ATV Restigouche Club 3 in Region 2 of New Brunswick.\",\"breadcrumb\":{\"@id\":\"https:\\\/\\\/quadnbr2.ca\\\/clubs\\\/#breadcrumb\"},\"inLanguage\":\"fr-CA\",\"potentialAction\":[{\"@type\":\"ReadAction\",\"target\":[\"https:\\\/\\\/quadnbr2.ca\\\/clubs\\\/\"]}]},{\"@type\":\"ImageObject\",\"inLanguage\":\"fr-CA\",\"@id\":\"https:\\\/\\\/quadnbr2.ca\\\/clubs\\\/#primaryimage\",\"url\":\"https:\\\/\\\/quadnbr2.ca\\\/wp-content\\\/uploads\\\/2025\\\/01\\\/Club-1.png\",\"contentUrl\":\"https:\\\/\\\/quadnbr2.ca\\\/wp-content\\\/uploads\\\/2025\\\/01\\\/Club-1.png\"},{\"@type\":\"BreadcrumbList\",\"@id\":\"https:\\\/\\\/quadnbr2.ca\\\/clubs\\\/#breadcrumb\",\"itemListElement\":[{\"@type\":\"ListItem\",\"position\":1,\"name\":\"Home\",\"item\":\"https:\\\/\\\/quadnbr2.ca\\\/\"},{\"@type\":\"ListItem\",\"position\":2,\"name\":\"Introduction to the Clubs\"}]},{\"@type\":\"WebSite\",\"@id\":\"https:\\\/\\\/quadnbr2.ca\\\/#website\",\"url\":\"https:\\\/\\\/quadnbr2.ca\\\/\",\"name\":\"Quad NB Region 2\",\"description\":\"Enjoying the great outdoors.\",\"publisher\":{\"@id\":\"https:\\\/\\\/quadnbr2.ca\\\/#organization\"},\"potentialAction\":[{\"@type\":\"SearchAction\",\"target\":{\"@type\":\"EntryPoint\",\"urlTemplate\":\"https:\\\/\\\/quadnbr2.ca\\\/?s={search_term_string}\"},\"query-input\":{\"@type\":\"PropertyValueSpecification\",\"valueRequired\":true,\"valueName\":\"search_term_string\"}}],\"inLanguage\":\"fr-CA\"},{\"@type\":\"Organization\",\"@id\":\"https:\\\/\\\/quadnbr2.ca\\\/#organization\",\"name\":\"Quad NB Region 2\",\"url\":\"https:\\\/\\\/quadnbr2.ca\\\/\",\"logo\":{\"@type\":\"ImageObject\",\"inLanguage\":\"fr-CA\",\"@id\":\"https:\\\/\\\/quadnbr2.ca\\\/#\\\/schema\\\/logo\\\/image\\\/\",\"url\":\"https:\\\/\\\/quadnbr2.ca\\\/wp-content\\\/uploads\\\/2025\\\/04\\\/QuadNBLogo-lowerwhite-scaled-e1744887536950.png\",\"contentUrl\":\"https:\\\/\\\/quadnbr2.ca\\\/wp-content\\\/uploads\\\/2025\\\/04\\\/QuadNBLogo-lowerwhite-scaled-e1744887536950.png\",\"width\":230,\"height\":230,\"caption\":\"Quad NB Region 2\"},\"image\":{\"@id\":\"https:\\\/\\\/quadnbr2.ca\\\/#\\\/schema\\\/logo\\\/image\\\/\"}}]}<\/script>\n<!-- \/ Yoast SEO plugin. -->","yoast_head_json":{"title":"Pr\u00e9sentation des clubs - R\u00e9gion 2 du Quad NB","description":"VTT\/ATV Restigouche Club 3 dans la r\u00e9gion 2 du Nouveau-Brunswick.","robots":{"index":"index","follow":"follow","max-snippet":"max-snippet:-1","max-image-preview":"max-image-preview:large","max-video-preview":"max-video-preview:-1"},"canonical":"https:\/\/quadnbr2.ca\/fr\/clubs\/","og_locale":"fr_CA","og_type":"article","og_title":"Introduction to the Clubs - Quad NB Region 2","og_description":"VTT\/ATV Restigouche Club 3 in Region 2 of New Brunswick.","og_url":"https:\/\/quadnbr2.ca\/fr\/clubs\/","og_site_name":"Quad NB Region 2","article_modified_time":"2025-05-13T00:37:26+00:00","og_image":[{"width":361,"height":242,"url":"https:\/\/quadnbr2.ca\/wp-content\/uploads\/2025\/01\/Club-1.png","type":"image\/png"}],"twitter_card":"summary_large_image","twitter_misc":{"Estimation du temps de lecture":"2 minutes"},"schema":{"@context":"https:\/\/schema.org","@graph":[{"@type":"WebPage","@id":"https:\/\/quadnbr2.ca\/clubs\/","url":"https:\/\/quadnbr2.ca\/clubs\/","name":"Pr\u00e9sentation des clubs - R\u00e9gion 2 du Quad NB","isPartOf":{"@id":"https:\/\/quadnbr2.ca\/#website"},"primaryImageOfPage":{"@id":"https:\/\/quadnbr2.ca\/clubs\/#primaryimage"},"image":{"@id":"https:\/\/quadnbr2.ca\/clubs\/#primaryimage"},"thumbnailUrl":"https:\/\/quadnbr2.ca\/wp-content\/uploads\/2025\/01\/Club-1.png","datePublished":"2019-04-17T01:44:03+00:00","dateModified":"2025-05-13T00:37:26+00:00","description":"VTT\/ATV Restigouche Club 3 dans la r\u00e9gion 2 du Nouveau-Brunswick.","breadcrumb":{"@id":"https:\/\/quadnbr2.ca\/clubs\/#breadcrumb"},"inLanguage":"fr-CA","potentialAction":[{"@type":"ReadAction","target":["https:\/\/quadnbr2.ca\/clubs\/"]}]},{"@type":"ImageObject","inLanguage":"fr-CA","@id":"https:\/\/quadnbr2.ca\/clubs\/#primaryimage","url":"https:\/\/quadnbr2.ca\/wp-content\/uploads\/2025\/01\/Club-1.png","contentUrl":"https:\/\/quadnbr2.ca\/wp-content\/uploads\/2025\/01\/Club-1.png"},{"@type":"BreadcrumbList","@id":"https:\/\/quadnbr2.ca\/clubs\/#breadcrumb","itemListElement":[{"@type":"ListItem","position":1,"name":"Home","item":"https:\/\/quadnbr2.ca\/"},{"@type":"ListItem","position":2,"name":"Introduction to the Clubs"}]},{"@type":"WebSite","@id":"https:\/\/quadnbr2.ca\/#website","url":"https:\/\/quadnbr2.ca\/","name":"Quad NB R\u00e9gion 2","description":"Profiter du grand air.","publisher":{"@id":"https:\/\/quadnbr2.ca\/#organization"},"potentialAction":[{"@type":"SearchAction","target":{"@type":"EntryPoint","urlTemplate":"https:\/\/quadnbr2.ca\/?s={search_term_string}"},"query-input":{"@type":"PropertyValueSpecification","valueRequired":true,"valueName":"search_term_string"}}],"inLanguage":"fr-CA"},{"@type":"Organization","@id":"https:\/\/quadnbr2.ca\/#organization","name":"Quad NB R\u00e9gion 2","url":"https:\/\/quadnbr2.ca\/","logo":{"@type":"ImageObject","inLanguage":"fr-CA","@id":"https:\/\/quadnbr2.ca\/#\/schema\/logo\/image\/","url":"https:\/\/quadnbr2.ca\/wp-content\/uploads\/2025\/04\/QuadNBLogo-lowerwhite-scaled-e1744887536950.png","contentUrl":"https:\/\/quadnbr2.ca\/wp-content\/uploads\/2025\/04\/QuadNBLogo-lowerwhite-scaled-e1744887536950.png","width":230,"height":230,"caption":"Quad NB Region 2"},"image":{"@id":"https:\/\/quadnbr2.ca\/#\/schema\/logo\/image\/"}}]}},"_links":{"self":[{"href":"https:\/\/quadnbr2.ca\/fr\/wp-json\/wp\/v2\/pages\/317","targetHints":{"allow":["GET"]}}],"collection":[{"href":"https:\/\/quadnbr2.ca\/fr\/wp-json\/wp\/v2\/pages"}],"about":[{"href":"https:\/\/quadnbr2.ca\/fr\/wp-json\/wp\/v2\/types\/page"}],"author":[{"embeddable":true,"href":"https:\/\/quadnbr2.ca\/fr\/wp-json\/wp\/v2\/users\/1"}],"replies":[{"embeddable":true,"href":"https:\/\/quadnbr2.ca\/fr\/wp-json\/wp\/v2\/comments?post=317"}],"version-history":[{"count":20,"href":"https:\/\/quadnbr2.ca\/fr\/wp-json\/wp\/v2\/pages\/317\/revisions"}],"predecessor-version":[{"id":9688,"href":"https:\/\/quadnbr2.ca\/fr\/wp-json\/wp\/v2\/pages\/317\/revisions\/9688"}],"wp:attachment":[{"href":"https:\/\/quadnbr2.ca\/fr\/wp-json\/wp\/v2\/media?parent=317"}],"curies":[{"name":"wp","href":"https:\/\/api.w.org\/{rel}","templated":true}]}}