{"id":4708,"date":"2019-04-19T02:28:58","date_gmt":"2019-04-19T02:28:58","guid":{"rendered":"https:\/\/demo2wpopal.b-cdn.net\/lexrider\/?page_id=4708"},"modified":"2019-04-19T02:28:58","modified_gmt":"2019-04-19T02:28:58","slug":"faq","status":"publish","type":"page","link":"https:\/\/quadnbr2.ca\/fr\/faq\/","title":{"rendered":"FAQ"},"content":{"rendered":"<div data-elementor-type=\"wp-post\" data-elementor-id=\"4708\" class=\"elementor elementor-4708\" data-elementor-post-type=\"page\">\n\t\t\t\t\t\t<section class=\"elementor-section elementor-top-section elementor-element elementor-element-29f821b elementor-section-stretched elementor-section-boxed elementor-section-height-default elementor-section-height-default\" data-id=\"29f821b\" data-element_type=\"section\" data-e-type=\"section\" data-settings=\"{&quot;stretch_section&quot;:&quot;section-stretched&quot;}\">\n\t\t\t\t\t\t<div class=\"elementor-container elementor-column-gap-no\">\n\t\t\t\t\t<div class=\"elementor-column elementor-col-100 elementor-top-column elementor-element elementor-element-fda0086\" data-id=\"fda0086\" data-element_type=\"column\" data-e-type=\"column\">\n\t\t\t<div class=\"elementor-widget-wrap elementor-element-populated\">\n\t\t\t\t\t\t<div class=\"elementor-element elementor-element-7523374 elementor-align-center animated-fast elementor-invisible elementor-widget elementor-widget-heading\" data-id=\"7523374\" data-element_type=\"widget\" data-e-type=\"widget\" data-settings=\"{&quot;_animation&quot;:&quot;opal-move-up&quot;}\" data-widget_type=\"heading.default\">\n\t\t\t\t<div class=\"elementor-widget-container\">\n\t\t\t\t\t<h2 class=\"elementor-heading-title elementor-size-default\">Trouvez des r\u00e9ponses \u00e0 toutes vos questions<br>questions ici<\/h2>\t\t\t\t<\/div>\n\t\t\t\t<\/div>\n\t\t\t\t<section class=\"elementor-section elementor-inner-section elementor-element elementor-element-e9cf79c elementor-section-full_width elementor-section-height-default elementor-section-height-default\" data-id=\"e9cf79c\" data-element_type=\"section\" data-e-type=\"section\">\n\t\t\t\t\t\t<div class=\"elementor-container elementor-column-gap-no\">\n\t\t\t\t\t<div class=\"elementor-column elementor-col-50 elementor-inner-column elementor-element elementor-element-ace463b animated-fast elementor-invisible\" data-id=\"ace463b\" data-element_type=\"column\" data-e-type=\"column\" data-settings=\"{&quot;animation&quot;:&quot;opal-move-up&quot;}\">\n\t\t\t<div class=\"elementor-widget-wrap elementor-element-populated\">\n\t\t\t\t\t\t<div class=\"elementor-element elementor-element-a273472 elementor-accordion-i-right elementor-widget elementor-widget-accordion\" data-id=\"a273472\" data-element_type=\"widget\" data-e-type=\"widget\" data-widget_type=\"accordion.default\">\n\t\t\t\t<div class=\"elementor-widget-container\">\n\t\t\t\t\t        <div class=\"elementor-accordion\" role=\"tablist\">\n                    <div class=\"elementor-accordion-item\">\n            <div id=\"elementor-tab-title-1701\" class=\"elementor-tab-title\" tabindex=\"1701\" data-tab=\"1\" role=\"tab\" aria-controls=\"elementor-tab-content-1701\">\n                        <span class=\"elementor-accordion-icon\" aria-hidden=\"true\">\n\t\t\t\t\t\t\t<i class=\"elementor-accordion-icon-closed opal-icon-plus\"><\/i>\n\t\t\t\t\t\t\t<i class=\"elementor-accordion-icon-opened opal-icon-minus\"><\/i>\n\t\t\t\t\t\t<\/span>\n                    \u00cates-vous un club Harley ?            <\/div>\n            <div id=\"elementor-tab-content-1701\" class=\"elementor-tab-content elementor-clearfix\" data-tab=\"1\" role=\"tabpanel\" aria-labelledby=\"elementor-tab-title-1701\"><p>Non, nous ne nous concentrons pas sur une seule marque de moto. En fait, les membres fondateurs de notre club comprenaient au moins trois membres qui poss\u00e9daient chacun une concession de moto diff\u00e9rente.<\/p><\/div>\n            <\/div>\n                    <div class=\"elementor-accordion-item\">\n            <div id=\"elementor-tab-title-1702\" class=\"elementor-tab-title\" tabindex=\"1702\" data-tab=\"2\" role=\"tab\" aria-controls=\"elementor-tab-content-1702\">\n                        <span class=\"elementor-accordion-icon\" aria-hidden=\"true\">\n\t\t\t\t\t\t\t<i class=\"elementor-accordion-icon-closed opal-icon-plus\"><\/i>\n\t\t\t\t\t\t\t<i class=\"elementor-accordion-icon-opened opal-icon-minus\"><\/i>\n\t\t\t\t\t\t<\/span>\n                    \u00cates-vous un club de motards \"OUTLAW\" ?            <\/div>\n            <div id=\"elementor-tab-content-1702\" class=\"elementor-tab-content elementor-clearfix\" data-tab=\"2\" role=\"tabpanel\" aria-labelledby=\"elementor-tab-title-1702\"><p>Apr\u00e8s avoir r\u00e9ussi \u00e0 infiltrer l'un des plus c\u00e9l\u00e8bres gangs de motards hors-la-loi, Charles Falco enfile le c\u00e2ble et retourne sous couverture dans la nouvelle s\u00e9rie de Gangland Undercover, les mardis \u00e0 22 heures en exclusivit\u00e9 sur HISTORY.<\/p><\/div>\n            <\/div>\n                    <div class=\"elementor-accordion-item\">\n            <div id=\"elementor-tab-title-1703\" class=\"elementor-tab-title\" tabindex=\"1703\" data-tab=\"3\" role=\"tab\" aria-controls=\"elementor-tab-content-1703\">\n                        <span class=\"elementor-accordion-icon\" aria-hidden=\"true\">\n\t\t\t\t\t\t\t<i class=\"elementor-accordion-icon-closed opal-icon-plus\"><\/i>\n\t\t\t\t\t\t\t<i class=\"elementor-accordion-icon-opened opal-icon-minus\"><\/i>\n\t\t\t\t\t\t<\/span>\n                    Je conduis une moto, puis-je m'inscrire ?            <\/div>\n            <div id=\"elementor-tab-content-1703\" class=\"elementor-tab-content elementor-clearfix\" data-tab=\"3\" role=\"tabpanel\" aria-labelledby=\"elementor-tab-title-1703\"><p>La terminologie est h\u00e9rit\u00e9e de l'\u00e9poque pr\u00e9c\u00e9dant les moyens de transport motoris\u00e9s, o\u00f9 \"conduire\" des chevaux ou du b\u00e9tail consistait \u00e0 les inciter \u00e0 se d\u00e9placer dans la direction souhait\u00e9e. Les gens \"montaient\" les chevaux en s'asseyant dessus.<\/p><\/div>\n            <\/div>\n                    <div class=\"elementor-accordion-item\">\n            <div id=\"elementor-tab-title-1704\" class=\"elementor-tab-title\" tabindex=\"1704\" data-tab=\"4\" role=\"tab\" aria-controls=\"elementor-tab-content-1704\">\n                        <span class=\"elementor-accordion-icon\" aria-hidden=\"true\">\n\t\t\t\t\t\t\t<i class=\"elementor-accordion-icon-closed opal-icon-plus\"><\/i>\n\t\t\t\t\t\t\t<i class=\"elementor-accordion-icon-opened opal-icon-minus\"><\/i>\n\t\t\t\t\t\t<\/span>\n                    Si je vous vois dans le coin, je peux vous dire bonjour ?            <\/div>\n            <div id=\"elementor-tab-content-1704\" class=\"elementor-tab-content elementor-clearfix\" data-tab=\"4\" role=\"tabpanel\" aria-labelledby=\"elementor-tab-title-1704\"><p>Pas dans le sud des \u00c9tats-Unis ! L\u00e0-bas, \"guy\/guys\" est encore consid\u00e9r\u00e9 comme un usage masculin, r\u00e9serv\u00e9 \u00e0 un public strictement masculin dans un cadre informel. S'il s'adresse \u00e0 un groupe mixte ou exclusivement f\u00e9minin, l'orateur aura droit \u00e0 des regards \u00e9tranges en retour.<\/p><\/div>\n            <\/div>\n                    <div class=\"elementor-accordion-item\">\n            <div id=\"elementor-tab-title-1705\" class=\"elementor-tab-title\" tabindex=\"1705\" data-tab=\"5\" role=\"tab\" aria-controls=\"elementor-tab-content-1705\">\n                        <span class=\"elementor-accordion-icon\" aria-hidden=\"true\">\n\t\t\t\t\t\t\t<i class=\"elementor-accordion-icon-closed opal-icon-plus\"><\/i>\n\t\t\t\t\t\t\t<i class=\"elementor-accordion-icon-opened opal-icon-minus\"><\/i>\n\t\t\t\t\t\t<\/span>\n                    Conduisez-vous uniquement des motos Harley Davidson ?            <\/div>\n            <div id=\"elementor-tab-content-1705\" class=\"elementor-tab-content elementor-clearfix\" data-tab=\"5\" role=\"tabpanel\" aria-labelledby=\"elementor-tab-title-1705\"><p>\u00c0 l'origine, ce terme d\u00e9signait les clubs de motocyclistes qui n'\u00e9taient pas agr\u00e9\u00e9s par l'AMA (American Motorcycling Association) et qui, par cons\u00e9quent, ne respectaient pas ses lois. Apr\u00e8s que les membres de certains de ces clubs ont fait la une des journaux en raison de leurs exploits criminels, le terme a \u00e9t\u00e9 associ\u00e9 plus largement \u00e0 la d\u00e9sob\u00e9issance \u00e0 la loi.<\/p><\/div>\n            <\/div>\n                <\/div>\n        \t\t\t\t<\/div>\n\t\t\t\t<\/div>\n\t\t\t\t\t<\/div>\n\t\t<\/div>\n\t\t\t\t<div class=\"elementor-column elementor-col-50 elementor-inner-column elementor-element elementor-element-9c1b73b animated-fast elementor-invisible\" data-id=\"9c1b73b\" data-element_type=\"column\" data-e-type=\"column\" data-settings=\"{&quot;animation&quot;:&quot;opal-move-up&quot;,&quot;animation_delay&quot;:200}\">\n\t\t\t<div class=\"elementor-widget-wrap elementor-element-populated\">\n\t\t\t\t\t\t<div class=\"elementor-element elementor-element-ffbc2b5 elementor-accordion-i-right elementor-widget elementor-widget-accordion\" data-id=\"ffbc2b5\" data-element_type=\"widget\" data-e-type=\"widget\" data-widget_type=\"accordion.default\">\n\t\t\t\t<div class=\"elementor-widget-container\">\n\t\t\t\t\t        <div class=\"elementor-accordion\" role=\"tablist\">\n                    <div class=\"elementor-accordion-item\">\n            <div id=\"elementor-tab-title-2681\" class=\"elementor-tab-title\" tabindex=\"2681\" data-tab=\"1\" role=\"tab\" aria-controls=\"elementor-tab-content-2681\">\n                        <span class=\"elementor-accordion-icon\" aria-hidden=\"true\">\n\t\t\t\t\t\t\t<i class=\"elementor-accordion-icon-closed opal-icon-plus\"><\/i>\n\t\t\t\t\t\t\t<i class=\"elementor-accordion-icon-opened opal-icon-minus\"><\/i>\n\t\t\t\t\t\t<\/span>\n                    Je connaissais un gars dans le club, tu peux lui dire bonjour de ma part.            <\/div>\n            <div id=\"elementor-tab-content-2681\" class=\"elementor-tab-content elementor-clearfix\" data-tab=\"1\" role=\"tabpanel\" aria-labelledby=\"elementor-tab-title-2681\">Votre s\u0153ur a\u00een\u00e9e se souvient : \"Nous \u00e9tions partenaires de laboratoire en chimie. Quelque part entre le premier devoir et l'allumage du bec Bunsen, il m'a demand\u00e9 de sortir avec lui. Depuis, nous sommes ensemble\".<\/div>\n            <\/div>\n                    <div class=\"elementor-accordion-item\">\n            <div id=\"elementor-tab-title-2682\" class=\"elementor-tab-title\" tabindex=\"2682\" data-tab=\"2\" role=\"tab\" aria-controls=\"elementor-tab-content-2682\">\n                        <span class=\"elementor-accordion-icon\" aria-hidden=\"true\">\n\t\t\t\t\t\t\t<i class=\"elementor-accordion-icon-closed opal-icon-plus\"><\/i>\n\t\t\t\t\t\t\t<i class=\"elementor-accordion-icon-opened opal-icon-minus\"><\/i>\n\t\t\t\t\t\t<\/span>\n                    Dois-je adh\u00e9rer \u00e0 STAR pour rouler avec une section ?             <\/div>\n            <div id=\"elementor-tab-content-2682\" class=\"elementor-tab-content elementor-clearfix\" data-tab=\"2\" role=\"tabpanel\" aria-labelledby=\"elementor-tab-title-2682\">Oui, c'est possible ! STAR Touring and Riding est une organisation familiale et notre famille et nos amis ne poss\u00e8dent pas toujours la m\u00eame marque de moto. Bien que nous nous concentrions principalement sur la gamme de motos Star fabriqu\u00e9es par Yamaha, nous accueillons tous les motocyclistes.<\/div>\n            <\/div>\n                    <div class=\"elementor-accordion-item\">\n            <div id=\"elementor-tab-title-2683\" class=\"elementor-tab-title\" tabindex=\"2683\" data-tab=\"3\" role=\"tab\" aria-controls=\"elementor-tab-content-2683\">\n                        <span class=\"elementor-accordion-icon\" aria-hidden=\"true\">\n\t\t\t\t\t\t\t<i class=\"elementor-accordion-icon-closed opal-icon-plus\"><\/i>\n\t\t\t\t\t\t\t<i class=\"elementor-accordion-icon-opened opal-icon-minus\"><\/i>\n\t\t\t\t\t\t<\/span>\n                    Que contient un dossier d'adh\u00e9sion ?            <\/div>\n            <div id=\"elementor-tab-content-2683\" class=\"elementor-tab-content elementor-clearfix\" data-tab=\"3\" role=\"tabpanel\" aria-labelledby=\"elementor-tab-title-2683\">Les pochettes des nouveaux membres contiennent les \u00e9l\u00e9ments suivants : carte d'identit\u00e9 de membre STAR, \u00e9cusson de bras correspondant au type de membre requis, c'est-\u00e0-dire STAR, LOS, Kids, Teen, \u00e9pingle de nouveau membre en laiton (membres adultes uniquement), lettre de bienvenue, carte(s) de r\u00e9duction actuelle(s) et une carte d'autocollants.\nLes pochettes de renouvellement contiennent les \u00e9l\u00e9ments suivants : membres adultes uniquement, nouvelle carte de membre STAR, petite bascule pour l'ann\u00e9e du renouvellement, lettre de bienvenue et carte(s) de r\u00e9duction actuelle(s). <\/div>\n            <\/div>\n                    <div class=\"elementor-accordion-item\">\n            <div id=\"elementor-tab-title-2684\" class=\"elementor-tab-title\" tabindex=\"2684\" data-tab=\"4\" role=\"tab\" aria-controls=\"elementor-tab-content-2684\">\n                        <span class=\"elementor-accordion-icon\" aria-hidden=\"true\">\n\t\t\t\t\t\t\t<i class=\"elementor-accordion-icon-closed opal-icon-plus\"><\/i>\n\t\t\t\t\t\t\t<i class=\"elementor-accordion-icon-opened opal-icon-minus\"><\/i>\n\t\t\t\t\t\t<\/span>\n                    O\u00f9 puis-je acheter un \u00e9cusson dorsal ?             <\/div>\n            <div id=\"elementor-tab-content-2684\" class=\"elementor-tab-content elementor-clearfix\" data-tab=\"4\" role=\"tabpanel\" aria-labelledby=\"elementor-tab-title-2684\">Vous pouvez les commander en vous rendant au STAR Mall ou en appelant le bureau international. N'oubliez pas que vous devez \u00eatre un membre en r\u00e8gle de STAR Touring and Riding. Reportez-vous aux directives de placement au bas de cette page. <\/div>\n            <\/div>\n                <\/div>\n        \t\t\t\t<\/div>\n\t\t\t\t<\/div>\n\t\t\t\t\t<\/div>\n\t\t<\/div>\n\t\t\t\t\t<\/div>\n\t\t<\/section>\n\t\t\t\t\t<\/div>\n\t\t<\/div>\n\t\t\t\t\t<\/div>\n\t\t<\/section>\n\t\t\t\t<\/div>","protected":false},"excerpt":{"rendered":"","protected":false},"author":1,"featured_media":0,"parent":0,"menu_order":0,"comment_status":"closed","ping_status":"closed","template":"page-elementor.php","meta":{"nf_dc_page":"","_monsterinsights_skip_tracking":false,"_monsterinsights_sitenote_active":false,"_monsterinsights_sitenote_note":"","_monsterinsights_sitenote_category":0,"footnotes":""},"class_list":["post-4708","page","type-page","status-publish","hentry"],"yoast_head":"<!-- This site is optimized with the Yoast SEO plugin v27.4 - https:\/\/yoast.com\/product\/yoast-seo-wordpress\/ -->\n<title>FAQ - Quad NB Region 2<\/title>\n<meta name=\"robots\" content=\"index, follow, max-snippet:-1, max-image-preview:large, max-video-preview:-1\" \/>\n<link rel=\"canonical\" href=\"https:\/\/quadnbr2.ca\/fr\/faq\/\" \/>\n<meta property=\"og:locale\" content=\"fr_CA\" \/>\n<meta property=\"og:type\" content=\"article\" \/>\n<meta property=\"og:title\" content=\"FAQ - Quad NB Region 2\" \/>\n<meta property=\"og:url\" content=\"https:\/\/quadnbr2.ca\/fr\/faq\/\" \/>\n<meta property=\"og:site_name\" content=\"Quad NB Region 2\" \/>\n<meta name=\"twitter:card\" content=\"summary_large_image\" \/>\n<script type=\"application\/ld+json\" class=\"yoast-schema-graph\">{\"@context\":\"https:\\\/\\\/schema.org\",\"@graph\":[{\"@type\":\"WebPage\",\"@id\":\"https:\\\/\\\/quadnbr2.ca\\\/faq\\\/\",\"url\":\"https:\\\/\\\/quadnbr2.ca\\\/faq\\\/\",\"name\":\"FAQ - Quad NB Region 2\",\"isPartOf\":{\"@id\":\"https:\\\/\\\/quadnbr2.ca\\\/#website\"},\"datePublished\":\"2019-04-19T02:28:58+00:00\",\"breadcrumb\":{\"@id\":\"https:\\\/\\\/quadnbr2.ca\\\/faq\\\/#breadcrumb\"},\"inLanguage\":\"fr-CA\",\"potentialAction\":[{\"@type\":\"ReadAction\",\"target\":[\"https:\\\/\\\/quadnbr2.ca\\\/faq\\\/\"]}]},{\"@type\":\"BreadcrumbList\",\"@id\":\"https:\\\/\\\/quadnbr2.ca\\\/faq\\\/#breadcrumb\",\"itemListElement\":[{\"@type\":\"ListItem\",\"position\":1,\"name\":\"Home\",\"item\":\"https:\\\/\\\/quadnbr2.ca\\\/\"},{\"@type\":\"ListItem\",\"position\":2,\"name\":\"FAQ\"}]},{\"@type\":\"WebSite\",\"@id\":\"https:\\\/\\\/quadnbr2.ca\\\/#website\",\"url\":\"https:\\\/\\\/quadnbr2.ca\\\/\",\"name\":\"Quad NB Region 2\",\"description\":\"Enjoying the great outdoors.\",\"publisher\":{\"@id\":\"https:\\\/\\\/quadnbr2.ca\\\/#organization\"},\"potentialAction\":[{\"@type\":\"SearchAction\",\"target\":{\"@type\":\"EntryPoint\",\"urlTemplate\":\"https:\\\/\\\/quadnbr2.ca\\\/?s={search_term_string}\"},\"query-input\":{\"@type\":\"PropertyValueSpecification\",\"valueRequired\":true,\"valueName\":\"search_term_string\"}}],\"inLanguage\":\"fr-CA\"},{\"@type\":\"Organization\",\"@id\":\"https:\\\/\\\/quadnbr2.ca\\\/#organization\",\"name\":\"Quad NB Region 2\",\"url\":\"https:\\\/\\\/quadnbr2.ca\\\/\",\"logo\":{\"@type\":\"ImageObject\",\"inLanguage\":\"fr-CA\",\"@id\":\"https:\\\/\\\/quadnbr2.ca\\\/#\\\/schema\\\/logo\\\/image\\\/\",\"url\":\"https:\\\/\\\/quadnbr2.ca\\\/wp-content\\\/uploads\\\/2025\\\/04\\\/QuadNBLogo-lowerwhite-scaled-e1744887536950.png\",\"contentUrl\":\"https:\\\/\\\/quadnbr2.ca\\\/wp-content\\\/uploads\\\/2025\\\/04\\\/QuadNBLogo-lowerwhite-scaled-e1744887536950.png\",\"width\":230,\"height\":230,\"caption\":\"Quad NB Region 2\"},\"image\":{\"@id\":\"https:\\\/\\\/quadnbr2.ca\\\/#\\\/schema\\\/logo\\\/image\\\/\"}}]}<\/script>\n<!-- \/ Yoast SEO plugin. -->","yoast_head_json":{"title":"FAQ - Quad NB Region 2","robots":{"index":"index","follow":"follow","max-snippet":"max-snippet:-1","max-image-preview":"max-image-preview:large","max-video-preview":"max-video-preview:-1"},"canonical":"https:\/\/quadnbr2.ca\/fr\/faq\/","og_locale":"fr_CA","og_type":"article","og_title":"FAQ - Quad NB Region 2","og_url":"https:\/\/quadnbr2.ca\/fr\/faq\/","og_site_name":"Quad NB Region 2","twitter_card":"summary_large_image","schema":{"@context":"https:\/\/schema.org","@graph":[{"@type":"WebPage","@id":"https:\/\/quadnbr2.ca\/faq\/","url":"https:\/\/quadnbr2.ca\/faq\/","name":"FAQ - Quad NB Region 2","isPartOf":{"@id":"https:\/\/quadnbr2.ca\/#website"},"datePublished":"2019-04-19T02:28:58+00:00","breadcrumb":{"@id":"https:\/\/quadnbr2.ca\/faq\/#breadcrumb"},"inLanguage":"fr-CA","potentialAction":[{"@type":"ReadAction","target":["https:\/\/quadnbr2.ca\/faq\/"]}]},{"@type":"BreadcrumbList","@id":"https:\/\/quadnbr2.ca\/faq\/#breadcrumb","itemListElement":[{"@type":"ListItem","position":1,"name":"Home","item":"https:\/\/quadnbr2.ca\/"},{"@type":"ListItem","position":2,"name":"FAQ"}]},{"@type":"WebSite","@id":"https:\/\/quadnbr2.ca\/#website","url":"https:\/\/quadnbr2.ca\/","name":"Quad NB R\u00e9gion 2","description":"Profiter du grand air.","publisher":{"@id":"https:\/\/quadnbr2.ca\/#organization"},"potentialAction":[{"@type":"SearchAction","target":{"@type":"EntryPoint","urlTemplate":"https:\/\/quadnbr2.ca\/?s={search_term_string}"},"query-input":{"@type":"PropertyValueSpecification","valueRequired":true,"valueName":"search_term_string"}}],"inLanguage":"fr-CA"},{"@type":"Organization","@id":"https:\/\/quadnbr2.ca\/#organization","name":"Quad NB R\u00e9gion 2","url":"https:\/\/quadnbr2.ca\/","logo":{"@type":"ImageObject","inLanguage":"fr-CA","@id":"https:\/\/quadnbr2.ca\/#\/schema\/logo\/image\/","url":"https:\/\/quadnbr2.ca\/wp-content\/uploads\/2025\/04\/QuadNBLogo-lowerwhite-scaled-e1744887536950.png","contentUrl":"https:\/\/quadnbr2.ca\/wp-content\/uploads\/2025\/04\/QuadNBLogo-lowerwhite-scaled-e1744887536950.png","width":230,"height":230,"caption":"Quad NB Region 2"},"image":{"@id":"https:\/\/quadnbr2.ca\/#\/schema\/logo\/image\/"}}]}},"_links":{"self":[{"href":"https:\/\/quadnbr2.ca\/fr\/wp-json\/wp\/v2\/pages\/4708","targetHints":{"allow":["GET"]}}],"collection":[{"href":"https:\/\/quadnbr2.ca\/fr\/wp-json\/wp\/v2\/pages"}],"about":[{"href":"https:\/\/quadnbr2.ca\/fr\/wp-json\/wp\/v2\/types\/page"}],"author":[{"embeddable":true,"href":"https:\/\/quadnbr2.ca\/fr\/wp-json\/wp\/v2\/users\/1"}],"replies":[{"embeddable":true,"href":"https:\/\/quadnbr2.ca\/fr\/wp-json\/wp\/v2\/comments?post=4708"}],"version-history":[{"count":0,"href":"https:\/\/quadnbr2.ca\/fr\/wp-json\/wp\/v2\/pages\/4708\/revisions"}],"wp:attachment":[{"href":"https:\/\/quadnbr2.ca\/fr\/wp-json\/wp\/v2\/media?parent=4708"}],"curies":[{"name":"wp","href":"https:\/\/api.w.org\/{rel}","templated":true}]}}